{"id":1173,"date":"2015-03-09T20:00:59","date_gmt":"2015-03-09T20:00:59","guid":{"rendered":"http:\/\/peritajemedicovalencia.es\/?page_id=1173"},"modified":"2019-02-22T09:41:46","modified_gmt":"2019-02-22T09:41:46","slug":"aviso-legal","status":"publish","type":"page","link":"https:\/\/peritajemedicovalencia.es\/index.php\/contacto-2\/aviso-legal\/","title":{"rendered":"AVISO LEGAL"},"content":{"rendered":"<p><a href=\"http:\/\/peritajemedicovalencia.es\/wp-content\/uploads\/01_LOGOTIPO_COMPLETO_1000.jpg\"><img fetchpriority=\"high\" decoding=\"async\" class=\"aligncenter wp-image-761 size-full\" src=\"http:\/\/peritajemedicovalencia.es\/wp-content\/uploads\/01_LOGOTIPO_COMPLETO_1000.jpg\" alt=\"Peritaje M\u00e9dico Valencia\" width=\"700\" height=\"394\" srcset=\"https:\/\/peritajemedicovalencia.es\/wp-content\/uploads\/01_LOGOTIPO_COMPLETO_1000.jpg 700w, https:\/\/peritajemedicovalencia.es\/wp-content\/uploads\/01_LOGOTIPO_COMPLETO_1000-300x168.jpg 300w\" sizes=\"(max-width: 700px) 100vw, 700px\" \/><\/a><\/p>\n<header class=\"entry-header\" style=\"display: block; margin-bottom: 15px; color: #020202; font-family: Lato, 'Helvetica Neue', Helvetica, Arial, sans-serif; font-size: 15px; font-style: normal; font-variant-ligatures: normal; font-variant-caps: normal; font-weight: 300; letter-spacing: normal; orphans: 2; text-align: start; text-indent: 0px; text-transform: none; white-space: normal; widows: 2; word-spacing: 0px; -webkit-text-stroke-width: 0px; background-color: #ffffff;\">\n<h2 class=\"entry-title\" style=\"border: 0px; font-family: 'Bad Script', Lato, 'Helvetica Neue', Helvetica, Arial, sans-serif; font-size: 2em; font-style: inherit; font-weight: 400; margin: 0px 0px 8px; outline: 0px; padding: 0px; vertical-align: baseline; clear: both; text-transform: none;\"><strong>Consultas<\/strong><\/h2>\n<\/header>\n<div class=\"entry-content\" style=\"border: 0px; font-family: Lato, 'Helvetica Neue', Helvetica, Arial, sans-serif; font-size: 15px; font-style: normal; font-weight: 300; margin: 1.5em 0px 0px; outline: 0px; padding: 0px; vertical-align: baseline; clear: both; color: #020202; font-variant-ligatures: normal; font-variant-caps: normal; letter-spacing: normal; orphans: 2; text-align: start; text-indent: 0px; text-transform: none; white-space: normal; widows: 2; word-spacing: 0px; -webkit-text-stroke-width: 0px; background-color: #ffffff;\">Para realizar cualquier consulta debes aceptar las condiciones legales.<\/div>\n<p><strong>POL\u00cdTICA DE\u00a0PRIVACIDAD<\/strong><\/p>\n<p>SICOMEDILAB S.L. se compromete a cumplir la legislaci\u00f3n vigente en cada momento en materia de tratamiento de datos de car\u00e1cter personal. Mediante la siguiente pol\u00edtica de privacidad SICOMEDILAB S.L. informa a los usuarios de:<\/p>\n<p><strong>\u00a01.\u00a0\u00a0\u00a0\u00a0 \u00bfQUI\u00c9N VA A TRATAR SUS DATOS?<\/strong><\/p>\n<p>El responsable del tratamiento de sus datos es SICOMEDILAB S.L. con CIF B12661955<\/p>\n<table>\n<tbody>\n<tr>\n<td width=\"211\">Identidad<\/td>\n<td width=\"343\">SICOMEDILAB S.L.\u00a0 \u2013 CIF B12661955<\/td>\n<\/tr>\n<tr>\n<td width=\"211\">Direcci\u00f3n<\/td>\n<td width=\"343\">Calle Savina n\u00ba 11, primer piso, puerta B, 46980 Paterna (Valencia)<\/td>\n<\/tr>\n<tr>\n<td width=\"211\">Tel\u00e9fono<\/td>\n<td width=\"343\">96.137.12.41<\/td>\n<\/tr>\n<tr>\n<td width=\"211\">Correo-e<\/td>\n<td width=\"343\">peritajemedicovalencia@gmail.com<\/td>\n<\/tr>\n<\/tbody>\n<\/table>\n<p>SICOMEDILAB S.L. informa al usuario que los datos que nos facilite a trav\u00e9s de la navegaci\u00f3n por nuestra web, del formulario de contacto o en el env\u00edo de correos electr\u00f3nicos, van a ser incluidos en ficheros titularidad de SICOMEDILAB S.L. y garantiza que son de su plena responsabilidad.<\/p>\n<p><strong>\u00a02. \u00bfPARA QU\u00c9 SE UTILIZAN SUS DATOS PERSONALES?<\/strong><\/p>\n<p>En SICOMEDILAB S.L. tratamos la informaci\u00f3n de cada titular que acepta y autoriza a SICOMEDILAB S.L. a utilizar y tratar los datos personales suministrados con la finalidad de gestionar el env\u00edo de la informaci\u00f3n que soliciten, as\u00ed como mejorar su experiencia como usuario.<\/p>\n<p>Con la finalidad de ofrecer una experiencia mejorada a nuestros usuarios, SICOMEDILAB S.L. procurar\u00e1 en todo momento establecer mecanismos adecuados para obtener el consentimiento del Usuario para la instalaci\u00f3n de cookies que lo requieran. Cuando un usuario accede a nuestra web aparece un pop-up en el que se informa de la existencia de cookies y de que si contin\u00faa navegando por nuestra p\u00e1gina presta su consentimiento para la instalaci\u00f3n de cookies. La aceptaci\u00f3n de la instalaci\u00f3n de las cookies conlleva la aceptaci\u00f3n de conservaci\u00f3n de la direcci\u00f3n IP en los registros de SICOMEDILAB S.L., junto con la fecha de aceptaci\u00f3n, por plazo de un a\u00f1o, con la finalidad de demostrar el consentimiento del usuario, seg\u00fan establece la normativa vigente en protecci\u00f3n de datos.\u00a0 Puede consultar m\u00e1s informaci\u00f3n en nuestra \u201cPol\u00edtica de Cookies\u201d.<\/p>\n<p><strong>\u00a03.\u00a0\u00a0\u00a0\u00a0 \u00bfPORQU\u00c9 PODEMOS TRATAR SUS DATOS?<\/strong><\/p>\n<p>El tratamiento de sus datos para la prestaci\u00f3n del servicio est\u00e1 legitimado mediante el consentimiento del interesado prestado a trav\u00e9s de la navegaci\u00f3n por nuestra web y la aceptaci\u00f3n de las distintas pol\u00edticas de privacidad.<\/p>\n<p><strong>\u00a04.\u00a0\u00a0\u00a0\u00a0 \u00bfSUS DATOS SE CEDER\u00c1N A TERCEROS?<\/strong><\/p>\n<p>De manera general, no se ceder\u00e1n datos a terceros salvo obligaci\u00f3n legal o en el supuesto que sea necesario para atender su solicitud. No obstante, en ocasiones SICOMEDILAB S.L. le podr\u00eda solicitar el consentimiento para realizar alguna cesi\u00f3n de algunos datos porque se considere oportuno o interesante. Este consentimiento podr\u00e1 ser revocado en cualquier momento ante SICOMEDILAB S.L.<\/p>\n<p>\u00danicamente se pondr\u00e1 informaci\u00f3n personal a disposici\u00f3n de terceros con los que SICOMEDILAB S.L. mantiene una relaci\u00f3n para brindar productos o servicios a nuestros usuarios para ofrecer o mejorar sus productos, servicios, o con fines publicitarios.<\/p>\n<p>Se comunica al usuario que sus datos ser\u00e1n cedidos a las entidades colaboradoras cuando sea necesario para facilitarle los servicios seleccionados.<\/p>\n<p><strong>\u00a05.\u00a0\u00a0\u00a0\u00a0 \u00bfQU\u00c9 DERECHOS LE ASISTEN Y C\u00d3MO PUEDE EJERCITARLOS? <\/strong><\/p>\n<p>Puede ejercer ante SICOMEDILAB S.L. sus derechos de acceso, rectificaci\u00f3n de datos inexactos, cancelaci\u00f3n cuando, entre otros motivos, los datos ya no sean necesarios para los fines que fueron recogidos, oposici\u00f3n al tratamiento de sus datos, portabilidad de sus datos a otro responsable y limitaci\u00f3n del tratamiento de sus datos de conformidad con la normativa vigente en materia de protecci\u00f3n de datos. Podr\u00e1 revocar su consentimiento en cualquier momento ante SICOMEDILAB S.L.<\/p>\n<p>Para el ejercicio de sus derechos, puede enviar un escrito en el que exponga el derecho que quiere ejercer y ante que fichero, acompa\u00f1ado de una copia de su documento de identificaci\u00f3n. Puede remitir dichos documentos y direcci\u00f3n o forma de contacto a efectos de notificaci\u00f3n en la siguiente direcci\u00f3n de correo electr\u00f3nico <a href=\"mailto:peritajemedicovalencia@gmail.com\">peritajemedicovalencia@gmail.com<\/a><\/p>\n<p>SICOMEDILAB S.L. contestar\u00e1 al ejercicio de derechos en el plazo de un mes a contar a partir de la recepci\u00f3n de la solicitud, seg\u00fan normativa vigente en Protecci\u00f3n de Datos. Dicho plazo podr\u00e1 prorrogarse otros dos meses en caso necesario, teniendo en cuenta la complejidad y el n\u00famero de solicitudes.<strong>\u00a0 <\/strong>Le informaremos de cualquier pr\u00f3rroga en el plazo de un mes a partir de la recepci\u00f3n de la solicitud indicando los motivos de la dilaci\u00f3n.<\/p>\n<p>Asimismo, los interesados tienen derecho a reclamar ante la Autoridad de Control (Agencia Espa\u00f1ola de Protecci\u00f3n de Datos;\u00a0 <a href=\"http:\/\/www.agpd.es\/\">www.agpd.es<\/a> )<\/p>\n<p><strong>\u00a06.\u00a0\u00a0\u00a0\u00a0 \u00bfEN QUE MOMENTO RECOGEMOS SUS DATOS? <\/strong><\/p>\n<p>El usuario facilita datos personales a trav\u00e9s de la navegaci\u00f3n por nuestra web, a trav\u00e9s del formulario de contacto o en el env\u00edo de correos.<\/p>\n<p><strong>\u00bfQu\u00e9 tipo de informaci\u00f3n manejamos de nuestros usuarios?<\/strong><\/p>\n<p>Los datos de car\u00e1cter personal o informaci\u00f3n manejada por SICOMEDILAB S.L. puede ser obligatoria o voluntaria.<\/p>\n<p>Los datos obligatorios son aquellos que son indispensables para atender su solicitud. Todos los campos marcados con un (*) son de cumplimentaci\u00f3n obligatoria. El Usuario garantiza la autenticidad y actualidad de todos aquellos datos que comunique a SICOMEDILAB S.L. y ser\u00e1 el \u00fanico responsable de las manifestaciones falsas o inexactas que realice.<\/p>\n<p>La informaci\u00f3n voluntaria es aquella que el usuario no est\u00e1 obligado a facilitar para contactar con nosotros.<\/p>\n<p><strong>\u00a07.\u00a0\u00a0\u00a0\u00a0 \u00bfPOR CU\u00c1NTO TIEMPO CONSERVAREMOS SUS DATOS?<\/strong><\/p>\n<p>Los datos ser\u00e1n conservados en tanto en cuanto el usuario no revoque su consentimiento.<\/p>\n<p>La direcci\u00f3n IP obtenida a trav\u00e9s de las cookies tendr\u00e1 un plazo de conservaci\u00f3n de un a\u00f1o, con la finalidad de demostrar el consentimiento del usuario.<\/p>\n<p>En cuanto al plazo de conservaci\u00f3n de las cookies, puede obtener m\u00e1s informaci\u00f3n en la web de SICOMEDILAB S.L.<\/p>\n<p>En los casos que no sea necesario su consentimiento, la conservaci\u00f3n de los datos se realizar\u00e1 durante el tiempo necesario para la prestaci\u00f3n del servicio y durante los plazos de prescripci\u00f3n legal exigidos.<\/p>\n<p><strong>\u00a08.\u00a0\u00a0\u00a0\u00a0 \u00bfEST\u00c1N SEGUROS MIS DATOS?<\/strong><\/p>\n<p>SICOMEDILAB S.L. garantiza la adopci\u00f3n de las medidas oportunas para asegurar el tratamiento confidencial de dichos datos establecidas habida cuenta del car\u00e1cter reservado de los datos.<\/p>\n<p>SICOMEDILAB S.L. se compromete a que dichos datos permanezcan secretos, trat\u00e1ndolos con la m\u00e1xima reserva, y declara tener implantadas en su sistema de informaci\u00f3n las pol\u00edticas de seguridad correspondientes en atenci\u00f3n al tipo de datos manejados y conforme a lo dispuesto en el Reglamento UE 2016\/679.<\/p>\n<p><strong>\u00a09.\u00a0 ENLACES A OTROS SITIOS WEB<\/strong><\/p>\n<p>Si opta por abandonar nuestro sitio Web a trav\u00e9s de enlaces a otros sitios Web no pertenecientes a nuestra entidad, SICOMEDILAB S.L.\u00a0no se har\u00e1 responsable de las pol\u00edticas de privacidad de dichos sitios Web ni de las cookies que estos puedan almacenar en el ordenador del usuario.<\/p>\n<p style=\"text-align: justify;\">[dropshadowbox align=\u00bbcenter\u00bb effect=\u00bblifted-both\u00bb width=\u00bb88px\u00bb height=\u00bb50px\u00bb background_color=\u00bb#fdf2c7&#8243; border_width=\u00bb2&#8243; border_color=\u00bb#dddddd\u00bb ]<\/p>\n<h2 style=\"text-align: center;\"><a href=\"http:\/\/peritajemedicovalencia.es\/index.php\/consultanos\/\">ACEPTO<\/a><\/h2>\n<p style=\"text-align: justify;\">[\/dropshadowbox]<\/p>\n","protected":false},"excerpt":{"rendered":"<p>Consultas Para realizar cualquier consulta debes aceptar las condiciones legales. POL\u00cdTICA DE\u00a0PRIVACIDAD SICOMEDILAB S.L. se compromete a cumplir la legislaci\u00f3n vigente en cada momento en materia de tratamiento de datos de car\u00e1cter personal. Mediante la siguiente pol\u00edtica de privacidad SICOMEDILAB S.L. informa a los usuarios de: \u00a01.\u00a0\u00a0\u00a0\u00a0 \u00bfQUI\u00c9N VA A<a href=\"https:\/\/peritajemedicovalencia.es\/index.php\/contacto-2\/aviso-legal\/\" class=\"read-more\">Read the Rest&#8230;<\/a><\/p>\n","protected":false},"author":1,"featured_media":0,"parent":48,"menu_order":0,"comment_status":"closed","ping_status":"closed","template":"fullwidth.php","meta":{"_exactmetrics_skip_tracking":false,"_exactmetrics_sitenote_active":false,"_exactmetrics_sitenote_note":"","_exactmetrics_sitenote_category":0,"footnotes":""},"class_list":["post-1173","page","type-page","status-publish","hentry"],"_links":{"self":[{"href":"https:\/\/peritajemedicovalencia.es\/index.php\/wp-json\/wp\/v2\/pages\/1173","targetHints":{"allow":["GET"]}}],"collection":[{"href":"https:\/\/peritajemedicovalencia.es\/index.php\/wp-json\/wp\/v2\/pages"}],"about":[{"href":"https:\/\/peritajemedicovalencia.es\/index.php\/wp-json\/wp\/v2\/types\/page"}],"author":[{"embeddable":true,"href":"https:\/\/peritajemedicovalencia.es\/index.php\/wp-json\/wp\/v2\/users\/1"}],"replies":[{"embeddable":true,"href":"https:\/\/peritajemedicovalencia.es\/index.php\/wp-json\/wp\/v2\/comments?post=1173"}],"version-history":[{"count":19,"href":"https:\/\/peritajemedicovalencia.es\/index.php\/wp-json\/wp\/v2\/pages\/1173\/revisions"}],"predecessor-version":[{"id":1271,"href":"https:\/\/peritajemedicovalencia.es\/index.php\/wp-json\/wp\/v2\/pages\/1173\/revisions\/1271"}],"up":[{"embeddable":true,"href":"https:\/\/peritajemedicovalencia.es\/index.php\/wp-json\/wp\/v2\/pages\/48"}],"wp:attachment":[{"href":"https:\/\/peritajemedicovalencia.es\/index.php\/wp-json\/wp\/v2\/media?parent=1173"}],"curies":[{"name":"wp","href":"https:\/\/api.w.org\/{rel}","templated":true}]}}