{"id":83,"date":"2013-09-12T11:17:36","date_gmt":"2013-09-12T11:17:36","guid":{"rendered":"http:\/\/peritajemedicovalencia.es\/?page_id=83"},"modified":"2015-04-01T09:33:29","modified_gmt":"2015-04-01T09:33:29","slug":"valoracion-capacitacion","status":"publish","type":"page","link":"http:\/\/peritajemedicovalencia.es\/index.php\/para-profesionales\/valoracion-capacitacion\/","title":{"rendered":"CONTENCIOSO ADMINISTRATIVO"},"content":{"rendered":"<h2>CONTENCIOSO ADMINISTRATIVO<\/h2>\n<p>[dropshadowbox align=\u00bbcenter\u00bb effect=\u00bblifted-both\u00bb width=\u00bb700px\u00bb height=\u00bb\u00bb background_color=\u00bb#ffffff\u00bb border_width=\u00bb1&#8243; border_color=\u00bb#dddddd\u00bb ]<a href=\"http:\/\/peritajemedicovalencia.es\/wp-content\/uploads\/MG_1901_PERITAJE-02.jpg\"><img fetchpriority=\"high\" decoding=\"async\" class=\"aligncenter size-full wp-image-646\" src=\"http:\/\/peritajemedicovalencia.es\/wp-content\/uploads\/MG_1901_PERITAJE-02.jpg\" alt=\"Peritos M\u00e9dicos en Valencia informes peritaje\" width=\"1000\" height=\"385\" srcset=\"http:\/\/peritajemedicovalencia.es\/wp-content\/uploads\/MG_1901_PERITAJE-02.jpg 1000w, http:\/\/peritajemedicovalencia.es\/wp-content\/uploads\/MG_1901_PERITAJE-02-700x269.jpg 700w, http:\/\/peritajemedicovalencia.es\/wp-content\/uploads\/MG_1901_PERITAJE-02-300x115.jpg 300w\" sizes=\"(max-width: 1000px) 100vw, 1000px\" \/><\/a>[\/dropshadowbox]<\/p>\n<p>&#8211; RESPONSBILIDAD PATRIMONIAL.<\/p>\n<p>&#8211; RESPONSABILIDAD SANITARIA PATRIMONIAL.<\/p>\n<p>&#8211; INFORMES M\u00c9DICO LEGALES.<\/p>\n<p>&#8211; CAPACIDAD CIVIL.<\/p>\n<p>&#8211; VALORACI\u00d3N DEL DA\u00d1O CORPORAL<\/p>\n<p>&nbsp;<\/p>\n<h2>Peritos m\u00e9dicos en Valencia: \u00bfcu\u00e1ndo necestias un perito m\u00e9dico?<\/h2>\n<h2>[dropshadowbox align=\u00bbcenter\u00bb effect=\u00bblifted-both\u00bb width=\u00bb640px\u00bb height=\u00bb\u00bb background_color=\u00bb#ffffff\u00bbborder_width=\u00bb1&#8243; border_color=\u00bb#dddddd\u00bb ]<iframe src=\"\/\/www.youtube.com\/embed\/Rcq1jESLWP0\" width=\"640\" height=\"360\" frameborder=\"0\" allowfullscreen=\"allowfullscreen\"><\/iframe>[\/dropshadowbox]<\/h2>\n<h2 style=\"text-align: center;\"><a title=\"consulta formulario\" href=\"http:\/\/peritajemedicovalencia.es\/index.php\/consultanos\/\">PONTE EN CONTACTO CON NOSOTROS<\/a><\/h2>\n<p>&nbsp;<\/p>\n","protected":false},"excerpt":{"rendered":"<p>CONTENCIOSO ADMINISTRATIVO [dropshadowbox align=\u00bbcenter\u00bb effect=\u00bblifted-both\u00bb width=\u00bb700px\u00bb height=\u00bb\u00bb background_color=\u00bb#ffffff\u00bb border_width=\u00bb1&#8243; border_color=\u00bb#dddddd\u00bb ][\/dropshadowbox] &#8211; RESPONSBILIDAD PATRIMONIAL. &#8211; RESPONSABILIDAD SANITARIA PATRIMONIAL. &#8211; INFORMES M\u00c9DICO LEGALES. &#8211; CAPACIDAD CIVIL. &#8211; VALORACI\u00d3N DEL DA\u00d1O CORPORAL &nbsp; Peritos m\u00e9dicos en Valencia: \u00bfcu\u00e1ndo necestias un perito m\u00e9dico? [dropshadowbox align=\u00bbcenter\u00bb effect=\u00bblifted-both\u00bb width=\u00bb640px\u00bb height=\u00bb\u00bb background_color=\u00bb#ffffff\u00bbborder_width=\u00bb1&#8243; border_color=\u00bb#dddddd\u00bb ][\/dropshadowbox] PONTE EN<a href=\"http:\/\/peritajemedicovalencia.es\/index.php\/para-profesionales\/valoracion-capacitacion\/\" class=\"read-more\">Read the Rest&#8230;<\/a><\/p>\n","protected":false},"author":1,"featured_media":729,"parent":53,"menu_order":0,"comment_status":"closed","ping_status":"open","template":"","meta":{"_exactmetrics_skip_tracking":false,"_exactmetrics_sitenote_active":false,"_exactmetrics_sitenote_note":"","_exactmetrics_sitenote_category":0,"footnotes":""},"class_list":["post-83","page","type-page","status-publish","has-post-thumbnail","hentry"],"_links":{"self":[{"href":"http:\/\/peritajemedicovalencia.es\/index.php\/wp-json\/wp\/v2\/pages\/83","targetHints":{"allow":["GET"]}}],"collection":[{"href":"http:\/\/peritajemedicovalencia.es\/index.php\/wp-json\/wp\/v2\/pages"}],"about":[{"href":"http:\/\/peritajemedicovalencia.es\/index.php\/wp-json\/wp\/v2\/types\/page"}],"author":[{"embeddable":true,"href":"http:\/\/peritajemedicovalencia.es\/index.php\/wp-json\/wp\/v2\/users\/1"}],"replies":[{"embeddable":true,"href":"http:\/\/peritajemedicovalencia.es\/index.php\/wp-json\/wp\/v2\/comments?post=83"}],"version-history":[{"count":11,"href":"http:\/\/peritajemedicovalencia.es\/index.php\/wp-json\/wp\/v2\/pages\/83\/revisions"}],"predecessor-version":[{"id":1206,"href":"http:\/\/peritajemedicovalencia.es\/index.php\/wp-json\/wp\/v2\/pages\/83\/revisions\/1206"}],"up":[{"embeddable":true,"href":"http:\/\/peritajemedicovalencia.es\/index.php\/wp-json\/wp\/v2\/pages\/53"}],"wp:featuredmedia":[{"embeddable":true,"href":"http:\/\/peritajemedicovalencia.es\/index.php\/wp-json\/wp\/v2\/media\/729"}],"wp:attachment":[{"href":"http:\/\/peritajemedicovalencia.es\/index.php\/wp-json\/wp\/v2\/media?parent=83"}],"curies":[{"name":"wp","href":"https:\/\/api.w.org\/{rel}","templated":true}]}}