{"id":76,"date":"2013-09-12T11:14:08","date_gmt":"2013-09-12T11:14:08","guid":{"rendered":"http:\/\/peritajemedicovalencia.es\/?page_id=76"},"modified":"2015-05-19T07:42:16","modified_gmt":"2015-05-19T07:42:16","slug":"accidentes-laborales","status":"publish","type":"page","link":"http:\/\/peritajemedicovalencia.es\/index.php\/para-profesionales\/accidentes-laborales\/","title":{"rendered":"DERECHO CIVIL"},"content":{"rendered":"<h2>DERECHO CIVIL<\/h2>\n<p>[dropshadowbox align=\u00bbcenter\u00bb effect=\u00bblifted-both\u00bb width=\u00bb700px\u00bb height=\u00bb\u00bb background_color=\u00bb#ffffff\u00bb border_width=\u00bb1&#8243; border_color=\u00bb#dddddd\u00bb ]<a href=\"http:\/\/peritajemedicovalencia.es\/wp-content\/uploads\/2014\/06\/03_premiere.jpg\"><img fetchpriority=\"high\" decoding=\"async\" class=\"aligncenter size-full wp-image-520\" src=\"http:\/\/peritajemedicovalencia.es\/wp-content\/uploads\/2014\/06\/03_premiere.jpg\" alt=\"Peritaje m\u00e9dico derecho civil \" width=\"700\" height=\"296\" srcset=\"http:\/\/peritajemedicovalencia.es\/wp-content\/uploads\/2014\/06\/03_premiere.jpg 700w, http:\/\/peritajemedicovalencia.es\/wp-content\/uploads\/2014\/06\/03_premiere-300x126.jpg 300w\" sizes=\"(max-width: 700px) 100vw, 700px\" \/><\/a>[\/dropshadowbox]<\/p>\n<p>&#8211; ACCIDENTES DE TR\u00c1FICO<\/p>\n<p>&#8211; ACCIDENTES EN V\u00cdA P\u00daBLICA.<\/p>\n<p>&#8211; INCAPACIDAD.<\/p>\n<p>&#8211; INVALIDEZ.<\/p>\n<p>&#8211; VALORACION DE LA CAPACITACI\u00d3N.<\/p>\n<p>&#8211; VALORACI\u00d3N DE DA\u00d1O CORPORAL.<br \/>\n&nbsp;<\/p>\n<h2>Peritos m\u00e9dicos: cuestiones b\u00e1sicas<\/h2>\n<h2>[dropshadowbox align=\u00bbcenter\u00bb effect=\u00bblifted-both\u00bb width=\u00bb640px\u00bb height=\u00bb\u00bb background_color=\u00bb#ffffff\u00bb border_width=\u00bb1&#8243; border_color=\u00bb#dddddd\u00bb ]<iframe width=\"560\" height=\"315\" src=\"https:\/\/www.youtube.com\/embed\/xOqvKgVl-4U\" frameborder=\"0\" allowfullscreen><\/iframe>[\/dropshadowbox]<\/h2>\n<p>&nbsp;<\/p>\n<h2 style=\"text-align: center;\"><a title=\"consulta formulario\" href=\"http:\/\/peritajemedicovalencia.es\/index.php\/consultanos\/\">PONTE EN CONTACTO CON NOSOTROS<\/a><\/h2>\n<p>&nbsp;<\/p>\n","protected":false},"excerpt":{"rendered":"<p>DERECHO CIVIL [dropshadowbox align=\u00bbcenter\u00bb effect=\u00bblifted-both\u00bb width=\u00bb700px\u00bb height=\u00bb\u00bb background_color=\u00bb#ffffff\u00bb border_width=\u00bb1&#8243; border_color=\u00bb#dddddd\u00bb ][\/dropshadowbox] &#8211; ACCIDENTES DE TR\u00c1FICO &#8211; ACCIDENTES EN V\u00cdA P\u00daBLICA. &#8211; INCAPACIDAD. &#8211; INVALIDEZ. &#8211; VALORACION DE LA CAPACITACI\u00d3N. &#8211; VALORACI\u00d3N DE DA\u00d1O CORPORAL. &nbsp; Peritos m\u00e9dicos: cuestiones b\u00e1sicas [dropshadowbox align=\u00bbcenter\u00bb effect=\u00bblifted-both\u00bb width=\u00bb640px\u00bb height=\u00bb\u00bb background_color=\u00bb#ffffff\u00bb border_width=\u00bb1&#8243; border_color=\u00bb#dddddd\u00bb ][\/dropshadowbox] &nbsp; PONTE<a href=\"http:\/\/peritajemedicovalencia.es\/index.php\/para-profesionales\/accidentes-laborales\/\" class=\"read-more\">Read the Rest&#8230;<\/a><\/p>\n","protected":false},"author":1,"featured_media":701,"parent":53,"menu_order":0,"comment_status":"closed","ping_status":"open","template":"","meta":{"_exactmetrics_skip_tracking":false,"_exactmetrics_sitenote_active":false,"_exactmetrics_sitenote_note":"","_exactmetrics_sitenote_category":0,"footnotes":""},"class_list":["post-76","page","type-page","status-publish","has-post-thumbnail","hentry"],"_links":{"self":[{"href":"http:\/\/peritajemedicovalencia.es\/index.php\/wp-json\/wp\/v2\/pages\/76","targetHints":{"allow":["GET"]}}],"collection":[{"href":"http:\/\/peritajemedicovalencia.es\/index.php\/wp-json\/wp\/v2\/pages"}],"about":[{"href":"http:\/\/peritajemedicovalencia.es\/index.php\/wp-json\/wp\/v2\/types\/page"}],"author":[{"embeddable":true,"href":"http:\/\/peritajemedicovalencia.es\/index.php\/wp-json\/wp\/v2\/users\/1"}],"replies":[{"embeddable":true,"href":"http:\/\/peritajemedicovalencia.es\/index.php\/wp-json\/wp\/v2\/comments?post=76"}],"version-history":[{"count":17,"href":"http:\/\/peritajemedicovalencia.es\/index.php\/wp-json\/wp\/v2\/pages\/76\/revisions"}],"predecessor-version":[{"id":1247,"href":"http:\/\/peritajemedicovalencia.es\/index.php\/wp-json\/wp\/v2\/pages\/76\/revisions\/1247"}],"up":[{"embeddable":true,"href":"http:\/\/peritajemedicovalencia.es\/index.php\/wp-json\/wp\/v2\/pages\/53"}],"wp:featuredmedia":[{"embeddable":true,"href":"http:\/\/peritajemedicovalencia.es\/index.php\/wp-json\/wp\/v2\/media\/701"}],"wp:attachment":[{"href":"http:\/\/peritajemedicovalencia.es\/index.php\/wp-json\/wp\/v2\/media?parent=76"}],"curies":[{"name":"wp","href":"https:\/\/api.w.org\/{rel}","templated":true}]}}