{"id":53,"date":"2013-07-30T16:56:08","date_gmt":"2013-07-30T16:56:08","guid":{"rendered":"http:\/\/peritajemedicovalencia.es\/?page_id=53"},"modified":"2015-05-04T22:13:08","modified_gmt":"2015-05-04T22:13:08","slug":"para-profesionales","status":"publish","type":"page","link":"http:\/\/peritajemedicovalencia.es\/index.php\/para-profesionales\/","title":{"rendered":"PARA PROFESIONALES"},"content":{"rendered":"<h2 style=\"text-align: center;\">Peritaje para profesionales<\/h2>\n<p>[dropshadowbox align=\u00bbcenter\u00bb effect=\u00bblifted-both\u00bb width=\u00bb644px\u00bb height=\u00bb\u00bb background_color=\u00bb#ffffff\u00bb border_width=\u00bb1&#8243; border_color=\u00bb#dddddd\u00bb ]<iframe src=\"https:\/\/www.youtube.com\/embed\/fNGup7-W76A\" width=\"644\" height=\"360\" frameborder=\"0\" allowfullscreen=\"allowfullscreen\"><\/iframe>[\/dropshadowbox]<\/p>\n<p style=\"text-align: justify;\">Abogados, asesores y gestores, graduados y trabajadores sociales, rehabilitadores, fisioterap\u00e9utas y &#8230;. m\u00fatuas de \u00a0trabajo y compa\u00f1ias aseguradoras.[dropshadowbox align=\u00bbright\u00bb effect=\u00bblifted-both\u00bb width=\u00bb500px\u00bb height=\u00bb\u00bb background_color=\u00bb#ffffff\u00bb border_width=\u00bb1&#8243; border_color=\u00bb#dddddd\u00bb ]<a href=\"http:\/\/peritajemedicovalencia.es\/wp-content\/uploads\/MG_1985_PERITAJE_002.jpg\"><img fetchpriority=\"high\" decoding=\"async\" class=\"aligncenter size-full wp-image-654\" src=\"http:\/\/peritajemedicovalencia.es\/wp-content\/uploads\/MG_1985_PERITAJE_002.jpg\" alt=\"cl\u00ednica peritos m\u00e9dicos en Valencia\" width=\"1000\" height=\"361\" srcset=\"http:\/\/peritajemedicovalencia.es\/wp-content\/uploads\/MG_1985_PERITAJE_002.jpg 1000w, http:\/\/peritajemedicovalencia.es\/wp-content\/uploads\/MG_1985_PERITAJE_002-700x252.jpg 700w, http:\/\/peritajemedicovalencia.es\/wp-content\/uploads\/MG_1985_PERITAJE_002-300x108.jpg 300w\" sizes=\"(max-width: 1000px) 100vw, 1000px\" \/><\/a>[\/dropshadowbox]<\/p>\n<p style=\"text-align: justify;\"><strong>\u00abUna mala peritaci\u00f3n es un gasto y un informe pericial bien realizado es una inversi\u00f3n\u00bb.<\/strong><\/p>\n<p style=\"text-align: justify;\">Os ofrecemos nuestra experiencia y profesionalidad en valoraci\u00f3n del da\u00f1o corporal y discapacidades de m\u00e1s de 15 a\u00f1os.<\/p>\n<p style=\"text-align: justify;\">Trabajamos en el \u00e1mbito laboral, civil y penal en la Comunidad Valenciana.<\/p>\n<p style=\"text-align: justify;\">Nuestros informes periciales se basan en la entrevista y exploraci\u00f3n del cliente, estudio de la documental del caso y revisi\u00f3n de la literatura cient\u00edfica m\u00e9dica relevante sobre el mismo.<\/p>\n<p style=\"text-align: justify;\">Nuestro trabajo, como peritos m\u00e9dicos, finaliza con la ratificaci\u00f3n del informe pericial en la instancia judicial.<\/p>\n<p style=\"text-align: center;\">Para cualquier consulta: <a title=\"CONTACTO\" href=\"http:\/\/peritajemedicovalencia.es\/index.php\/contacto-2\/\">pincha aqu\u00ed<\/a><\/p>\n<p>&nbsp;<\/p>\n<h2>Peritos m\u00e9dicos en Valencia: \u00bfcu\u00e1ndo necestias un perito m\u00e9dico?<\/h2>\n<h2>[dropshadowbox align=\u00bbcenter\u00bb effect=\u00bblifted-both\u00bb width=\u00bb640px\u00bb height=\u00bb\u00bb background_color=\u00bb#ffffff\u00bbborder_width=\u00bb1&#8243; border_color=\u00bb#dddddd\u00bb ]<iframe src=\"\/\/www.youtube.com\/embed\/Rcq1jESLWP0\" width=\"640\" height=\"360\" frameborder=\"0\" allowfullscreen=\"allowfullscreen\"><\/iframe>[\/dropshadowbox]<\/h2>\n<h2 style=\"text-align: center;\"><a title=\"consulta formulario\" href=\"http:\/\/peritajemedicovalencia.es\/index.php\/consultanos\/\">PONTE EN CONTACTO CON NOSOTROS<\/a><\/h2>\n<p>&nbsp;<\/p>\n","protected":false},"excerpt":{"rendered":"<p>Peritaje para profesionales [dropshadowbox align=\u00bbcenter\u00bb effect=\u00bblifted-both\u00bb width=\u00bb644px\u00bb height=\u00bb\u00bb background_color=\u00bb#ffffff\u00bb border_width=\u00bb1&#8243; border_color=\u00bb#dddddd\u00bb ][\/dropshadowbox] Abogados, asesores y gestores, graduados y trabajadores sociales, rehabilitadores, fisioterap\u00e9utas y &#8230;. m\u00fatuas de \u00a0trabajo y compa\u00f1ias aseguradoras.[dropshadowbox align=\u00bbright\u00bb effect=\u00bblifted-both\u00bb width=\u00bb500px\u00bb height=\u00bb\u00bb background_color=\u00bb#ffffff\u00bb border_width=\u00bb1&#8243; border_color=\u00bb#dddddd\u00bb ][\/dropshadowbox] \u00abUna mala peritaci\u00f3n es un gasto y un informe pericial bien realizado<a href=\"http:\/\/peritajemedicovalencia.es\/index.php\/para-profesionales\/\" class=\"read-more\">Read the Rest&#8230;<\/a><\/p>\n","protected":false},"author":1,"featured_media":783,"parent":0,"menu_order":0,"comment_status":"closed","ping_status":"closed","template":"","meta":{"_exactmetrics_skip_tracking":false,"_exactmetrics_sitenote_active":false,"_exactmetrics_sitenote_note":"","_exactmetrics_sitenote_category":0,"footnotes":""},"class_list":["post-53","page","type-page","status-publish","has-post-thumbnail","hentry"],"_links":{"self":[{"href":"http:\/\/peritajemedicovalencia.es\/index.php\/wp-json\/wp\/v2\/pages\/53","targetHints":{"allow":["GET"]}}],"collection":[{"href":"http:\/\/peritajemedicovalencia.es\/index.php\/wp-json\/wp\/v2\/pages"}],"about":[{"href":"http:\/\/peritajemedicovalencia.es\/index.php\/wp-json\/wp\/v2\/types\/page"}],"author":[{"embeddable":true,"href":"http:\/\/peritajemedicovalencia.es\/index.php\/wp-json\/wp\/v2\/users\/1"}],"replies":[{"embeddable":true,"href":"http:\/\/peritajemedicovalencia.es\/index.php\/wp-json\/wp\/v2\/comments?post=53"}],"version-history":[{"count":39,"href":"http:\/\/peritajemedicovalencia.es\/index.php\/wp-json\/wp\/v2\/pages\/53\/revisions"}],"predecessor-version":[{"id":1202,"href":"http:\/\/peritajemedicovalencia.es\/index.php\/wp-json\/wp\/v2\/pages\/53\/revisions\/1202"}],"wp:featuredmedia":[{"embeddable":true,"href":"http:\/\/peritajemedicovalencia.es\/index.php\/wp-json\/wp\/v2\/media\/783"}],"wp:attachment":[{"href":"http:\/\/peritajemedicovalencia.es\/index.php\/wp-json\/wp\/v2\/media?parent=53"}],"curies":[{"name":"wp","href":"https:\/\/api.w.org\/{rel}","templated":true}]}}