{"id":1085,"date":"2014-07-02T18:03:46","date_gmt":"2014-07-02T18:03:46","guid":{"rendered":"http:\/\/peritajemedicovalencia.es\/?page_id=1085"},"modified":"2026-01-26T15:00:10","modified_gmt":"2026-01-26T15:00:10","slug":"consultanos","status":"publish","type":"page","link":"http:\/\/peritajemedicovalencia.es\/index.php\/consultanos\/","title":{"rendered":"CONS\u00daLTANOS"},"content":{"rendered":"\t\t<div data-elementor-type=\"wp-page\" data-elementor-id=\"1085\" class=\"elementor elementor-1085\">\n\t\t\t\t<div class=\"elementor-element elementor-element-16d36fad e-flex e-con-boxed e-con e-parent\" data-id=\"16d36fad\" data-element_type=\"container\" data-e-type=\"container\">\n\t\t\t\t\t<div class=\"e-con-inner\">\n\t\t\t\t<div class=\"elementor-element elementor-element-75eefd4f elementor-widget elementor-widget-text-editor\" data-id=\"75eefd4f\" data-element_type=\"widget\" data-e-type=\"widget\" data-widget_type=\"text-editor.default\">\n\t\t\t\t\t\t\t\t\t<h2>PONTE EN CONTACTO CON NOSOTROS<\/h2><h4>Si tienes dudas o quieres realizar una consulta sobre cualquier asunto relacionado con peritaje m\u00e9dico, ponte en contacto con nosotros. Ll\u00e1manos, escr\u00edbenos un correo electr\u00f3nico o rellena este formulario. Podemos asesorarte y ayudarte.<\/h4><h4>El equipo de Peritaje M\u00e9dico Valencia est\u00e1 a disposici\u00f3n tanto de profesionales como de particulares.<\/h4><h4>\u00a0<\/h4><p>\n<div class=\"wpcf7 no-js\" id=\"wpcf7-f944-o1\" lang=\"es-ES\" dir=\"ltr\" data-wpcf7-id=\"944\">\n<div class=\"screen-reader-response\"><p role=\"status\" aria-live=\"polite\" aria-atomic=\"true\"><\/p> <ul><\/ul><\/div>\n<form action=\"\/index.php\/wp-json\/wp\/v2\/pages\/1085#wpcf7-f944-o1\" method=\"post\" class=\"wpcf7-form init\" aria-label=\"Formulario de contacto\" novalidate=\"novalidate\" data-status=\"init\">\n<fieldset class=\"hidden-fields-container\"><input type=\"hidden\" name=\"_wpcf7\" value=\"944\" \/><input type=\"hidden\" name=\"_wpcf7_version\" value=\"6.1.5\" \/><input type=\"hidden\" name=\"_wpcf7_locale\" value=\"es_ES\" \/><input type=\"hidden\" name=\"_wpcf7_unit_tag\" value=\"wpcf7-f944-o1\" \/><input type=\"hidden\" name=\"_wpcf7_container_post\" value=\"0\" \/><input type=\"hidden\" name=\"_wpcf7_posted_data_hash\" value=\"\" \/>\n<\/fieldset>\n<p>Su nombre (requerido)\n<\/p>\n<p><span class=\"wpcf7-form-control-wrap\" data-name=\"your-name\"><input size=\"40\" maxlength=\"400\" class=\"wpcf7-form-control wpcf7-text wpcf7-validates-as-required\" aria-required=\"true\" aria-invalid=\"false\" value=\"\" type=\"text\" name=\"your-name\" \/><\/span>\n<\/p>\n<p>Su e-mail (requerido)\n<\/p>\n<p><span class=\"wpcf7-form-control-wrap\" data-name=\"your-email\"><input size=\"40\" maxlength=\"400\" class=\"wpcf7-form-control wpcf7-email wpcf7-validates-as-required wpcf7-text wpcf7-validates-as-email\" aria-required=\"true\" aria-invalid=\"false\" value=\"\" type=\"email\" name=\"your-email\" \/><\/span>\n<\/p>\n<p>Asunto\n<\/p>\n<p><span class=\"wpcf7-form-control-wrap\" data-name=\"your-subject\"><input size=\"40\" maxlength=\"400\" class=\"wpcf7-form-control wpcf7-text\" aria-invalid=\"false\" value=\"\" type=\"text\" name=\"your-subject\" \/><\/span>\n<\/p>\n<p>Su mensaje\n<\/p>\n<p><span class=\"wpcf7-form-control-wrap\" data-name=\"your-message\"><textarea cols=\"40\" rows=\"10\" maxlength=\"2000\" class=\"wpcf7-form-control wpcf7-textarea\" aria-invalid=\"false\" name=\"your-message\"><\/textarea><\/span>\n<\/p>\n<p><input class=\"wpcf7-form-control wpcf7-submit has-spinner\" type=\"submit\" value=\"Enviar\" \/>\n<\/p><p style=\"display: none !important;\" class=\"akismet-fields-container\" data-prefix=\"_wpcf7_ak_\"><label>&#916;<textarea name=\"_wpcf7_ak_hp_textarea\" cols=\"45\" rows=\"8\" maxlength=\"100\"><\/textarea><\/label><input type=\"hidden\" id=\"ak_js_1\" name=\"_wpcf7_ak_js\" value=\"86\"\/><script>document.getElementById( \"ak_js_1\" ).setAttribute( \"value\", ( new Date() ).getTime() );<\/script><\/p><div class=\"wpcf7-response-output\" aria-hidden=\"true\"><\/div>\n<\/form>\n<\/div>\n<\/p><p>\u201cHe le\u00eddo y acepto la pol\u00edtica de privacidad\u201d y con un cuadro de dialogo para aceptar mediante un vis\u00e9.<\/p><h2>D\u00f3nde puedes encontranos<\/h2><h3>Peritaje M\u00e9dico Valencia<\/h3><h4><strong>\u00a0 \u00a0 \u00a0 \u00a0 \u00a0 \u00a0 \u00a0 \u00a0 \u00a0 \u00a0 \u00a0 \u00a0 \u00a0 \u00a0 \u00a0 \u00a0 \u00a0 \u00a0 \u00a0 \u00a0 \u00a0 \u00a0 \u00a0 \u00a0 \u00a0 \u00a0 \u00a0 \u00a0 \u00a0 Calle Doctor\u00a0Zamenhof, 29. Valencia<\/strong><\/h4><h3>TELEFONO DE CONTACTO:<\/h3><h4><strong>\u00a0 \u00a0 \u00a0 \u00a0 \u00a0 \u00a0 \u00a0 \u00a0 \u00a0 \u00a0 \u00a0 \u00a0 \u00a0 \u00a0 \u00a0 \u00a0 \u00a0 \u00a0 \u00a0 \u00a0 \u00a0 \u00a0 \u00a0 \u00a0 \u00a0 \u00a0 \u00a0 \u00a0 \u00a0 \u00a0 Dra. Susanna Guerra : 600 446 695<\/strong><\/h4><h3>CORREO:<\/h3><h4><strong>\u00a0\u00a0\u00a0\u00a0\u00a0\u00a0\u00a0\u00a0\u00a0\u00a0\u00a0\u00a0\u00a0\u00a0\u00a0\u00a0\u00a0\u00a0\u00a0\u00a0\u00a0\u00a0\u00a0\u00a0\u00a0\u00a0\u00a0\u00a0\u00a0\u00a0\u00a0\u00a0\u00a0\u00a0\u00a0\u00a0\u00a0\u00a0\u00a0\u00a0\u00a0\u00a0\u00a0\u00a0\u00a0\u00a0\u00a0\u00a0\u00a0\u00a0\u00a0\u00a0\u00a0\u00a0\u00a0\u00a0\u00a0 peritajemedicovalencia@gmail.com<\/strong><\/h4>\t\t\t\t\t\t\t\t<\/div>\n\t\t\t\t\t<\/div>\n\t\t\t\t<\/div>\n\t\t\t\t<\/div>\n\t\t","protected":false},"excerpt":{"rendered":"<p>PONTE EN CONTACTO CON NOSOTROS Si tienes dudas o quieres realizar una consulta sobre cualquier asunto relacionado con peritaje m\u00e9dico, ponte en contacto con nosotros. Ll\u00e1manos, escr\u00edbenos un correo electr\u00f3nico o rellena este formulario. Podemos asesorarte y ayudarte. El equipo de Peritaje M\u00e9dico Valencia est\u00e1 a disposici\u00f3n tanto de profesionales<a href=\"http:\/\/peritajemedicovalencia.es\/index.php\/consultanos\/\" class=\"read-more\">Read the Rest&#8230;<\/a><\/p>\n","protected":false},"author":1,"featured_media":0,"parent":0,"menu_order":0,"comment_status":"closed","ping_status":"closed","template":"","meta":{"_exactmetrics_skip_tracking":false,"_exactmetrics_sitenote_active":false,"_exactmetrics_sitenote_note":"","_exactmetrics_sitenote_category":0,"footnotes":""},"class_list":["post-1085","page","type-page","status-publish","hentry"],"_links":{"self":[{"href":"http:\/\/peritajemedicovalencia.es\/index.php\/wp-json\/wp\/v2\/pages\/1085","targetHints":{"allow":["GET"]}}],"collection":[{"href":"http:\/\/peritajemedicovalencia.es\/index.php\/wp-json\/wp\/v2\/pages"}],"about":[{"href":"http:\/\/peritajemedicovalencia.es\/index.php\/wp-json\/wp\/v2\/types\/page"}],"author":[{"embeddable":true,"href":"http:\/\/peritajemedicovalencia.es\/index.php\/wp-json\/wp\/v2\/users\/1"}],"replies":[{"embeddable":true,"href":"http:\/\/peritajemedicovalencia.es\/index.php\/wp-json\/wp\/v2\/comments?post=1085"}],"version-history":[{"count":16,"href":"http:\/\/peritajemedicovalencia.es\/index.php\/wp-json\/wp\/v2\/pages\/1085\/revisions"}],"predecessor-version":[{"id":1288,"href":"http:\/\/peritajemedicovalencia.es\/index.php\/wp-json\/wp\/v2\/pages\/1085\/revisions\/1288"}],"wp:attachment":[{"href":"http:\/\/peritajemedicovalencia.es\/index.php\/wp-json\/wp\/v2\/media?parent=1085"}],"curies":[{"name":"wp","href":"https:\/\/api.w.org\/{rel}","templated":true}]}}